{"id":447,"date":"2025-12-26T16:09:24","date_gmt":"2025-12-26T15:09:24","guid":{"rendered":"https:\/\/www.elstnerlaw.at\/?page_id=447"},"modified":"2026-01-06T11:44:36","modified_gmt":"2026-01-06T10:44:36","slug":"cooperations","status":"publish","type":"page","link":"https:\/\/www.elstnerlaw.at\/en\/cooperations\/","title":{"rendered":"Cooperations"},"content":{"rendered":"<div data-elementor-type=\"wp-page\" data-elementor-id=\"447\" class=\"elementor elementor-447\" data-elementor-post-type=\"page\">\n\t\t\t\t<div class=\"elementor-element elementor-element-3b99307 e-flex e-con-boxed e-con e-parent\" data-id=\"3b99307\" data-element_type=\"container\" data-e-type=\"container\" data-settings=\"{&quot;background_background&quot;:&quot;classic&quot;}\">\n\t\t\t\t\t<div class=\"e-con-inner\">\n\t\t\t\t<div class=\"elementor-element elementor-element-64729e8 elementor-invisible elementor-widget elementor-widget-heading\" data-id=\"64729e8\" data-element_type=\"widget\" data-e-type=\"widget\" data-settings=\"{&quot;_animation&quot;:&quot;fadeInUp&quot;,&quot;_animation_widescreen&quot;:&quot;fadeInUp&quot;}\" data-widget_type=\"heading.default\">\n\t\t\t\t\t<h1 class=\"elementor-heading-title elementor-size-default\">Cooperations<\/h1>\t\t\t\t<\/div>\n\t\t\t\t<div class=\"elementor-element elementor-element-07c8f18 elementor-invisible elementor-widget elementor-widget-text-editor\" data-id=\"07c8f18\" data-element_type=\"widget\" data-e-type=\"widget\" data-settings=\"{&quot;_animation&quot;:&quot;fadeIn&quot;,&quot;_animation_widescreen&quot;:&quot;fadeInUp&quot;}\" data-widget_type=\"text-editor.default\">\n\t\t\t\t\t\t\t\t\t<p>My network makes it possible to cover questions efficiently beyond my core focuses, including in cross-border matters. In selected mandates, I work together with specialised attorneys-at-law in Austria and abroad and, depending on need, bring in the appropriate expertise for the specific case. In this way, I can, if necessary, also support you in adjacent areas of law, for example in sports and football law, real estate and contract law as well as in arbitration proceedings.<\/p>\t\t\t\t\t\t\t\t<\/div>\n\t\t<div class=\"elementor-element elementor-element-46b56ee e-con-full e-flex e-con e-child\" data-id=\"46b56ee\" data-element_type=\"container\" data-e-type=\"container\">\n\t\t<div class=\"elementor-element elementor-element-4121b07 e-con-full e-flex e-con e-child\" data-id=\"4121b07\" data-element_type=\"container\" data-e-type=\"container\">\n\t\t\t\t<div class=\"elementor-element elementor-element-91b106c elementor-invisible elementor-widget elementor-widget-text-editor\" data-id=\"91b106c\" data-element_type=\"widget\" data-e-type=\"widget\" data-settings=\"{&quot;_animation&quot;:&quot;fadeIn&quot;,&quot;_animation_widescreen&quot;:&quot;fadeIn&quot;}\" data-widget_type=\"text-editor.default\">\n\t\t\t\t\t\t\t\t\tFor the most uncomplicated enforcement of your claims possible, I also work closely with legal expenses and liability insurers, in particular for coordination and processing in the course of the mandate.\t\t\t\t\t\t\t\t<\/div>\n\t\t\t\t<div class=\"elementor-element elementor-element-5101f62 elementor-invisible elementor-widget elementor-widget-text-editor\" data-id=\"5101f62\" data-element_type=\"widget\" data-e-type=\"widget\" data-settings=\"{&quot;_animation&quot;:&quot;fadeIn&quot;,&quot;_animation_widescreen&quot;:&quot;fadeIn&quot;}\" data-widget_type=\"text-editor.default\">\n\t\t\t\t\t\t\t\t\t<p>In selected mandates, in particular in court proceedings in criminal and commercial law, cooperation with specialised partners may be considered, to increase impact and efficiency or to avoid conflicts of interest.<\/p>\t\t\t\t\t\t\t\t<\/div>\n\t\t\t\t<div class=\"elementor-element elementor-element-b26af22 elementor-invisible elementor-widget elementor-widget-text-editor\" data-id=\"b26af22\" data-element_type=\"widget\" data-e-type=\"widget\" data-settings=\"{&quot;_animation&quot;:&quot;fadeIn&quot;,&quot;_animation_widescreen&quot;:&quot;fadeIn&quot;}\" data-widget_type=\"text-editor.default\">\n\t\t\t\t\t\t\t\t\t<p>If you have questions regarding cooperations or wish cooperation with specific partners, please inform me of this already with your first enquiry.<\/p>\t\t\t\t\t\t\t\t<\/div>\n\t\t<div class=\"elementor-element elementor-element-5a98be4 e-con-full e-flex e-con e-child\" data-id=\"5a98be4\" data-element_type=\"container\" data-e-type=\"container\">\n\t\t\t\t<div class=\"elementor-element elementor-element-cb85a78 elementor-mobile-align-justify elementor-widget-mobile__width-inherit header-button animated-fast elementor-invisible elementor-widget elementor-widget-button\" data-id=\"cb85a78\" data-element_type=\"widget\" data-e-type=\"widget\" data-settings=\"{&quot;_animation&quot;:&quot;fadeIn&quot;}\" data-widget_type=\"button.default\">\n\t\t\t\t\t\t\t\t\t\t<a class=\"elementor-button elementor-button-link elementor-size-sm elementor-animation-grow\" href=\"https:\/\/www.elstnerlaw.at\/en\/contact-immediate-assistance\/\">\n\t\t\t\t\t\t<span class=\"elementor-button-content-wrapper\">\n\t\t\t\t\t\t<span class=\"elementor-button-icon\">\n\t\t\t\t<svg aria-hidden=\"true\" class=\"e-font-icon-svg e-fas-calendar-check\" viewbox=\"0 0 448 512\" xmlns=\"http:\/\/www.w3.org\/2000\/svg\"><path d=\"M436 160H12c-6.627 0-12-5.373-12-12v-36c0-26.51 21.49-48 48-48h48V12c0-6.627 5.373-12 12-12h40c6.627 0 12 5.373 12 12v52h128V12c0-6.627 5.373-12 12-12h40c6.627 0 12 5.373 12 12v52h48c26.51 0 48 21.49 48 48v36c0 6.627-5.373 12-12 12zM12 192h424c6.627 0 12 5.373 12 12v260c0 26.51-21.49 48-48 48H48c-26.51 0-48-21.49-48-48V204c0-6.627 5.373-12 12-12zm333.296 95.947l-28.169-28.398c-4.667-4.705-12.265-4.736-16.97-.068L194.12 364.665l-45.98-46.352c-4.667-4.705-12.266-4.736-16.971-.068l-28.397 28.17c-4.705 4.667-4.736 12.265-.068 16.97l82.601 83.269c4.667 4.705 12.265 4.736 16.97.068l142.953-141.805c4.705-4.667 4.736-12.265.068-16.97z\"><\/path><\/svg>\t\t\t<\/span>\n\t\t\t\t\t\t\t\t\t<span class=\"elementor-button-text\">Contact Now<\/span>\n\t\t\t\t\t<\/span>\n\t\t\t\t\t<\/a>\n\t\t\t\t\t\t\t\t<\/div>\n\t\t\t\t<\/div>\n\t\t\t\t<\/div>\n\t\t<div class=\"elementor-element elementor-element-6dc0711 e-con-full e-flex e-con e-child\" data-id=\"6dc0711\" data-element_type=\"container\" data-e-type=\"container\" data-settings=\"{&quot;background_background&quot;:&quot;classic&quot;,&quot;animation_widescreen&quot;:&quot;fadeIn&quot;}\">\n\t\t\t\t<\/div>\n\t\t\t\t<\/div>\n\t\t\t\t\t<\/div>\n\t\t\t\t<\/div>\n\t\t\t\t<\/div>","protected":false},"excerpt":{"rendered":"<p>Kooperationen Mein Netzwerk erm\u00f6glicht es, Fragestellungen \u00fcber meine Kernschwerpunkte hinaus effizient abzudecken, auch bei grenz\u00fcberschreitenden Sachverhalten. In ausgew\u00e4hlten Mandaten arbeite ich mit spezialisierten Rechtsanw\u00e4lt\/innen in \u00d6sterreich und im Ausland zusammen und ziehe je nach Bedarf die passende Expertise f\u00fcr den konkreten Fall bei. Dadurch kann ich Sie bei Bedarf auch in angrenzenden Rechtsgebieten unterst\u00fctzen, etwa [&hellip;]<\/p>","protected":false},"author":1,"featured_media":0,"parent":0,"menu_order":0,"comment_status":"closed","ping_status":"closed","template":"","meta":{"footnotes":""},"class_list":["post-447","page","type-page","status-publish","hentry"],"yoast_head":"<!-- This site is optimized with the Yoast SEO plugin v26.8 - https:\/\/yoast.com\/product\/yoast-seo-wordpress\/ -->\n<title>Kooperationen | Netzwerk spezialisierter Rechtsanw\u00e4lte<\/title>\n<meta name=\"description\" content=\"Zusammenarbeit mit spezialisierten Partnern in \u00d6sterreich und im Ausland \u2013 bei Bedarf auch grenz\u00fcberschreitend. Erg\u00e4nzende Expertise z. B. Immobilien- und Vertragsrecht, Schiedsverfahren.\" \/>\n<meta name=\"robots\" content=\"index, follow, max-snippet:-1, max-image-preview:large, max-video-preview:-1\" \/>\n<link rel=\"canonical\" href=\"https:\/\/www.elstnerlaw.at\/en\/cooperations\/\" \/>\n<meta property=\"og:locale\" content=\"en_US\" \/>\n<meta property=\"og:type\" content=\"article\" \/>\n<meta property=\"og:title\" content=\"Kooperationen | Netzwerk spezialisierter Rechtsanw\u00e4lte\" \/>\n<meta property=\"og:description\" content=\"Zusammenarbeit mit spezialisierten Partnern in \u00d6sterreich und im Ausland \u2013 bei Bedarf auch grenz\u00fcberschreitend. Erg\u00e4nzende Expertise z. B. Immobilien- und Vertragsrecht, Schiedsverfahren.\" \/>\n<meta property=\"og:url\" content=\"https:\/\/www.elstnerlaw.at\/en\/cooperations\/\" \/>\n<meta property=\"og:site_name\" content=\"Felix Elstner\" \/>\n<meta property=\"article:modified_time\" content=\"2026-01-06T10:44:36+00:00\" \/>\n<meta property=\"og:image\" content=\"https:\/\/www.elstnerlaw.at\/wp-content\/uploads\/2025\/12\/Foto2-scaled.jpeg\" \/>\n\t<meta property=\"og:image:width\" content=\"2560\" \/>\n\t<meta property=\"og:image:height\" content=\"1708\" \/>\n\t<meta property=\"og:image:type\" content=\"image\/jpeg\" \/>\n<meta name=\"twitter:card\" content=\"summary_large_image\" \/>\n<meta name=\"twitter:label1\" content=\"Est. reading time\" \/>\n\t<meta name=\"twitter:data1\" content=\"1 minute\" \/>\n<script type=\"application\/ld+json\" class=\"yoast-schema-graph\">{\"@context\":\"https:\/\/schema.org\",\"@graph\":[{\"@type\":\"WebPage\",\"@id\":\"https:\/\/www.elstnerlaw.at\/kooperationen\/\",\"url\":\"https:\/\/www.elstnerlaw.at\/kooperationen\/\",\"name\":\"Kooperationen | Netzwerk spezialisierter Rechtsanw\u00e4lte\",\"isPartOf\":{\"@id\":\"https:\/\/www.elstnerlaw.at\/#website\"},\"datePublished\":\"2025-12-26T15:09:24+00:00\",\"dateModified\":\"2026-01-06T10:44:36+00:00\",\"description\":\"Zusammenarbeit mit spezialisierten Partnern in \u00d6sterreich und im Ausland \u2013 bei Bedarf auch grenz\u00fcberschreitend. Erg\u00e4nzende Expertise z. B. Immobilien- und Vertragsrecht, Schiedsverfahren.\",\"breadcrumb\":{\"@id\":\"https:\/\/www.elstnerlaw.at\/kooperationen\/#breadcrumb\"},\"inLanguage\":\"en-US\",\"potentialAction\":[{\"@type\":\"ReadAction\",\"target\":[\"https:\/\/www.elstnerlaw.at\/kooperationen\/\"]}]},{\"@type\":\"BreadcrumbList\",\"@id\":\"https:\/\/www.elstnerlaw.at\/kooperationen\/#breadcrumb\",\"itemListElement\":[{\"@type\":\"ListItem\",\"position\":1,\"name\":\"Start\",\"item\":\"https:\/\/www.elstnerlaw.at\/\"},{\"@type\":\"ListItem\",\"position\":2,\"name\":\"Kooperationen\"}]},{\"@type\":\"WebSite\",\"@id\":\"https:\/\/www.elstnerlaw.at\/#website\",\"url\":\"https:\/\/www.elstnerlaw.at\/\",\"name\":\"Felix Elstner\",\"description\":\"Rechtsanwalt\",\"potentialAction\":[{\"@type\":\"SearchAction\",\"target\":{\"@type\":\"EntryPoint\",\"urlTemplate\":\"https:\/\/www.elstnerlaw.at\/?s={search_term_string}\"},\"query-input\":{\"@type\":\"PropertyValueSpecification\",\"valueRequired\":true,\"valueName\":\"search_term_string\"}}],\"inLanguage\":\"en-US\"}]}<\/script>\n<!-- \/ Yoast SEO plugin. -->","yoast_head_json":{"title":"Cooperations | Network of Specialists","description":"Cooperation with specialised lawyers in Austria and abroad, including cross-border matters where required. Access to adjacent expertise such as real estate, contracts and arbitration.","robots":{"index":"index","follow":"follow","max-snippet":"max-snippet:-1","max-image-preview":"max-image-preview:large","max-video-preview":"max-video-preview:-1"},"canonical":"https:\/\/www.elstnerlaw.at\/en\/cooperations\/","og_locale":"en_US","og_type":"article","og_title":"Kooperationen | Netzwerk spezialisierter Rechtsanw\u00e4lte","og_description":"Zusammenarbeit mit spezialisierten Partnern in \u00d6sterreich und im Ausland \u2013 bei Bedarf auch grenz\u00fcberschreitend. Erg\u00e4nzende Expertise z. B. Immobilien- und Vertragsrecht, Schiedsverfahren.","og_url":"https:\/\/www.elstnerlaw.at\/en\/cooperations\/","og_site_name":"Felix Elstner","article_modified_time":"2026-01-06T10:44:36+00:00","og_image":[{"width":2560,"height":1708,"url":"https:\/\/www.elstnerlaw.at\/wp-content\/uploads\/2025\/12\/Foto2-scaled.jpeg","type":"image\/jpeg"}],"twitter_card":"summary_large_image","twitter_misc":{"Est. reading time":"1 minute"},"schema":{"@context":"https:\/\/schema.org","@graph":[{"@type":"WebPage","@id":"https:\/\/www.elstnerlaw.at\/kooperationen\/","url":"https:\/\/www.elstnerlaw.at\/kooperationen\/","name":"Cooperations | Network of Specialists","isPartOf":{"@id":"https:\/\/www.elstnerlaw.at\/#website"},"datePublished":"2025-12-26T15:09:24+00:00","dateModified":"2026-01-06T10:44:36+00:00","description":"Cooperation with specialised lawyers in Austria and abroad, including cross-border matters where required. Access to adjacent expertise such as real estate, contracts and arbitration.","breadcrumb":{"@id":"https:\/\/www.elstnerlaw.at\/kooperationen\/#breadcrumb"},"inLanguage":"en-US","potentialAction":[{"@type":"ReadAction","target":["https:\/\/www.elstnerlaw.at\/kooperationen\/"]}]},{"@type":"BreadcrumbList","@id":"https:\/\/www.elstnerlaw.at\/kooperationen\/#breadcrumb","itemListElement":[{"@type":"ListItem","position":1,"name":"Start","item":"https:\/\/www.elstnerlaw.at\/"},{"@type":"ListItem","position":2,"name":"Kooperationen"}]},{"@type":"WebSite","@id":"https:\/\/www.elstnerlaw.at\/#website","url":"https:\/\/www.elstnerlaw.at\/","name":"Felix Elstner","description":"Rechtsanwalt","potentialAction":[{"@type":"SearchAction","target":{"@type":"EntryPoint","urlTemplate":"https:\/\/www.elstnerlaw.at\/?s={search_term_string}"},"query-input":{"@type":"PropertyValueSpecification","valueRequired":true,"valueName":"search_term_string"}}],"inLanguage":"en-US"}]}},"_links":{"self":[{"href":"https:\/\/www.elstnerlaw.at\/en\/wp-json\/wp\/v2\/pages\/447","targetHints":{"allow":["GET"]}}],"collection":[{"href":"https:\/\/www.elstnerlaw.at\/en\/wp-json\/wp\/v2\/pages"}],"about":[{"href":"https:\/\/www.elstnerlaw.at\/en\/wp-json\/wp\/v2\/types\/page"}],"author":[{"embeddable":true,"href":"https:\/\/www.elstnerlaw.at\/en\/wp-json\/wp\/v2\/users\/1"}],"replies":[{"embeddable":true,"href":"https:\/\/www.elstnerlaw.at\/en\/wp-json\/wp\/v2\/comments?post=447"}],"version-history":[{"count":19,"href":"https:\/\/www.elstnerlaw.at\/en\/wp-json\/wp\/v2\/pages\/447\/revisions"}],"predecessor-version":[{"id":710,"href":"https:\/\/www.elstnerlaw.at\/en\/wp-json\/wp\/v2\/pages\/447\/revisions\/710"}],"wp:attachment":[{"href":"https:\/\/www.elstnerlaw.at\/en\/wp-json\/wp\/v2\/media?parent=447"}],"curies":[{"name":"wp","href":"https:\/\/api.w.org\/{rel}","templated":true}]}}