{"id":568,"date":"2025-12-28T16:44:31","date_gmt":"2025-12-28T15:44:31","guid":{"rendered":"https:\/\/www.elstnerlaw.at\/?page_id=568"},"modified":"2026-01-07T13:51:48","modified_gmt":"2026-01-07T12:51:48","slug":"imprint","status":"publish","type":"page","link":"https:\/\/www.elstnerlaw.at\/en\/imprint\/","title":{"rendered":"Imprint"},"content":{"rendered":"<p><strong>Mag. Felix Elstner \u2013 Attorney-at-law<\/strong><br>www.elstnerlaw.at<br>office@elstnerlaw.at<br>Adress: Josefst\u00e4dter Stra\u00dfe 11\/16, 1080 Vienna<br>Tel: +43 1 50537050<\/p>\n\n\n\n<p><strong>Bar membership:<\/strong><br>Vienna Bar Association <a href=\"http:\/\/www.rakwien.at\/\" target=\"_blank\" rel=\"noreferrer noopener\">(www.rakwien.at)<\/a><br>Professional practice is subject to the Austrian Attorneys\u2019 Act (RAO) as well as the Guidelines for the Practice of the Legal Profession (<a href=\"https:\/\/www.rakwien.at\/userfiles\/file\/Gesetze\/rl_ba_2014_05_29.pdf?27023142e208400e92c30821be04b488=e8abe3aa1aac7978b8240cb664a4c3e4\">RL-BA<\/a>).<\/p>\n\n\n\n<p>This website is addressed to clients of elstner.law and to other persons who are interested in elstner.law. The information and texts on this website as well as the references contained therein address selected topics from various areas of law and do not claim to be complete. They serve only as initial information and cannot replace legal advice. No guarantee or liability is assumed for the correctness of the information as well as of the linked articles. Any reproduction that is intended or suitable for publication or other dissemination to external third parties requires the prior express and written consent of Mag. Felix Elstner.<\/p>\n\n\n\n<p><\/p>","protected":false},"excerpt":{"rendered":"<p>Mag. Felix Elstner &#8211; Rechtsanwaltwww.elstnerlaw.atoffice@elstnerlaw.atAdresse: Joseftst\u00e4dter Stra\u00dfe 11\/16, 1080 WienTel: +43 1 50537050 Kammerzugeh\u00f6rigkeit:Rechtsanwaltskammer Wien (www.rakwien.at)Die Berufsaus\u00fcbung unterliegt der Rechtsanwaltsordnung (RAO) sowie den Richtlinien f\u00fcr die Aus\u00fcbung des Rechtsanwaltsberufes (RL-BA). Diese Website richtet sich an Mandanten von elstner.law und an sonstige Personen, die an elstner.law interessiert sind. Die Informationen und Texte auf dieser Website sowie [&hellip;]<\/p>","protected":false},"author":1,"featured_media":0,"parent":0,"menu_order":0,"comment_status":"closed","ping_status":"closed","template":"","meta":{"footnotes":""},"class_list":["post-568","page","type-page","status-publish","hentry"],"yoast_head":"<!-- This site is optimized with the Yoast SEO plugin v26.8 - https:\/\/yoast.com\/product\/yoast-seo-wordpress\/ -->\n<title>Impressum | Felix Elstner \u2013 Rechtsanwalt Wien<\/title>\n<meta name=\"description\" content=\"Impressum, Kontaktdaten, Kammerzugeh\u00f6rigkeit und berufsrechtliche Grundlagen (RAO, RL-BA) sowie Hinweise zu Website-Inhalten, Haftung und Nutzung.\" \/>\n<meta name=\"robots\" content=\"index, follow, max-snippet:-1, max-image-preview:large, max-video-preview:-1\" \/>\n<link rel=\"canonical\" href=\"https:\/\/www.elstnerlaw.at\/en\/imprint\/\" \/>\n<meta property=\"og:locale\" content=\"en_US\" \/>\n<meta property=\"og:type\" content=\"article\" \/>\n<meta property=\"og:title\" content=\"Impressum | Felix Elstner \u2013 Rechtsanwalt Wien\" \/>\n<meta property=\"og:description\" content=\"Impressum, Kontaktdaten, Kammerzugeh\u00f6rigkeit und berufsrechtliche Grundlagen (RAO, RL-BA) sowie Hinweise zu Website-Inhalten, Haftung und Nutzung.\" \/>\n<meta property=\"og:url\" content=\"https:\/\/www.elstnerlaw.at\/en\/imprint\/\" \/>\n<meta property=\"og:site_name\" content=\"Felix Elstner\" \/>\n<meta property=\"article:modified_time\" content=\"2026-01-07T12:51:48+00:00\" \/>\n<meta property=\"og:image\" content=\"https:\/\/www.elstnerlaw.at\/wp-content\/uploads\/2025\/12\/Foto2-scaled.jpeg\" \/>\n\t<meta property=\"og:image:width\" content=\"2560\" \/>\n\t<meta property=\"og:image:height\" content=\"1708\" \/>\n\t<meta property=\"og:image:type\" content=\"image\/jpeg\" \/>\n<meta name=\"twitter:card\" content=\"summary_large_image\" \/>\n<meta name=\"twitter:label1\" content=\"Est. reading time\" \/>\n\t<meta name=\"twitter:data1\" content=\"1 minute\" \/>\n<script type=\"application\/ld+json\" class=\"yoast-schema-graph\">{\"@context\":\"https:\/\/schema.org\",\"@graph\":[{\"@type\":\"WebPage\",\"@id\":\"https:\/\/www.elstnerlaw.at\/impressum\/\",\"url\":\"https:\/\/www.elstnerlaw.at\/impressum\/\",\"name\":\"Impressum | Felix Elstner \u2013 Rechtsanwalt Wien\",\"isPartOf\":{\"@id\":\"https:\/\/www.elstnerlaw.at\/#website\"},\"datePublished\":\"2025-12-28T15:44:31+00:00\",\"dateModified\":\"2026-01-07T12:51:48+00:00\",\"description\":\"Impressum, Kontaktdaten, Kammerzugeh\u00f6rigkeit und berufsrechtliche Grundlagen (RAO, RL-BA) sowie Hinweise zu Website-Inhalten, Haftung und Nutzung.\",\"breadcrumb\":{\"@id\":\"https:\/\/www.elstnerlaw.at\/impressum\/#breadcrumb\"},\"inLanguage\":\"en-US\",\"potentialAction\":[{\"@type\":\"ReadAction\",\"target\":[\"https:\/\/www.elstnerlaw.at\/impressum\/\"]}]},{\"@type\":\"BreadcrumbList\",\"@id\":\"https:\/\/www.elstnerlaw.at\/impressum\/#breadcrumb\",\"itemListElement\":[{\"@type\":\"ListItem\",\"position\":1,\"name\":\"Start\",\"item\":\"https:\/\/www.elstnerlaw.at\/\"},{\"@type\":\"ListItem\",\"position\":2,\"name\":\"Impressum\"}]},{\"@type\":\"WebSite\",\"@id\":\"https:\/\/www.elstnerlaw.at\/#website\",\"url\":\"https:\/\/www.elstnerlaw.at\/\",\"name\":\"Felix Elstner\",\"description\":\"Rechtsanwalt\",\"potentialAction\":[{\"@type\":\"SearchAction\",\"target\":{\"@type\":\"EntryPoint\",\"urlTemplate\":\"https:\/\/www.elstnerlaw.at\/?s={search_term_string}\"},\"query-input\":{\"@type\":\"PropertyValueSpecification\",\"valueRequired\":true,\"valueName\":\"search_term_string\"}}],\"inLanguage\":\"en-US\"}]}<\/script>\n<!-- \/ Yoast SEO plugin. -->","yoast_head_json":{"title":"Imprint | Felix Elstner \u2013 Lawyer (Vienna)","description":"Imprint and contact details, bar membership and professional rules (RAO, RL-BA), website information, disclaimer and terms of use.","robots":{"index":"index","follow":"follow","max-snippet":"max-snippet:-1","max-image-preview":"max-image-preview:large","max-video-preview":"max-video-preview:-1"},"canonical":"https:\/\/www.elstnerlaw.at\/en\/imprint\/","og_locale":"en_US","og_type":"article","og_title":"Impressum | Felix Elstner \u2013 Rechtsanwalt Wien","og_description":"Impressum, Kontaktdaten, Kammerzugeh\u00f6rigkeit und berufsrechtliche Grundlagen (RAO, RL-BA) sowie Hinweise zu Website-Inhalten, Haftung und Nutzung.","og_url":"https:\/\/www.elstnerlaw.at\/en\/imprint\/","og_site_name":"Felix Elstner","article_modified_time":"2026-01-07T12:51:48+00:00","og_image":[{"width":2560,"height":1708,"url":"https:\/\/www.elstnerlaw.at\/wp-content\/uploads\/2025\/12\/Foto2-scaled.jpeg","type":"image\/jpeg"}],"twitter_card":"summary_large_image","twitter_misc":{"Est. reading time":"1 minute"},"schema":{"@context":"https:\/\/schema.org","@graph":[{"@type":"WebPage","@id":"https:\/\/www.elstnerlaw.at\/impressum\/","url":"https:\/\/www.elstnerlaw.at\/impressum\/","name":"Imprint | Felix Elstner \u2013 Lawyer (Vienna)","isPartOf":{"@id":"https:\/\/www.elstnerlaw.at\/#website"},"datePublished":"2025-12-28T15:44:31+00:00","dateModified":"2026-01-07T12:51:48+00:00","description":"Imprint and contact details, bar membership and professional rules (RAO, RL-BA), website information, disclaimer and terms of use.","breadcrumb":{"@id":"https:\/\/www.elstnerlaw.at\/impressum\/#breadcrumb"},"inLanguage":"en-US","potentialAction":[{"@type":"ReadAction","target":["https:\/\/www.elstnerlaw.at\/impressum\/"]}]},{"@type":"BreadcrumbList","@id":"https:\/\/www.elstnerlaw.at\/impressum\/#breadcrumb","itemListElement":[{"@type":"ListItem","position":1,"name":"Start","item":"https:\/\/www.elstnerlaw.at\/"},{"@type":"ListItem","position":2,"name":"Impressum"}]},{"@type":"WebSite","@id":"https:\/\/www.elstnerlaw.at\/#website","url":"https:\/\/www.elstnerlaw.at\/","name":"Felix Elstner","description":"Rechtsanwalt","potentialAction":[{"@type":"SearchAction","target":{"@type":"EntryPoint","urlTemplate":"https:\/\/www.elstnerlaw.at\/?s={search_term_string}"},"query-input":{"@type":"PropertyValueSpecification","valueRequired":true,"valueName":"search_term_string"}}],"inLanguage":"en-US"}]}},"_links":{"self":[{"href":"https:\/\/www.elstnerlaw.at\/en\/wp-json\/wp\/v2\/pages\/568","targetHints":{"allow":["GET"]}}],"collection":[{"href":"https:\/\/www.elstnerlaw.at\/en\/wp-json\/wp\/v2\/pages"}],"about":[{"href":"https:\/\/www.elstnerlaw.at\/en\/wp-json\/wp\/v2\/types\/page"}],"author":[{"embeddable":true,"href":"https:\/\/www.elstnerlaw.at\/en\/wp-json\/wp\/v2\/users\/1"}],"replies":[{"embeddable":true,"href":"https:\/\/www.elstnerlaw.at\/en\/wp-json\/wp\/v2\/comments?post=568"}],"version-history":[{"count":6,"href":"https:\/\/www.elstnerlaw.at\/en\/wp-json\/wp\/v2\/pages\/568\/revisions"}],"predecessor-version":[{"id":794,"href":"https:\/\/www.elstnerlaw.at\/en\/wp-json\/wp\/v2\/pages\/568\/revisions\/794"}],"wp:attachment":[{"href":"https:\/\/www.elstnerlaw.at\/en\/wp-json\/wp\/v2\/media?parent=568"}],"curies":[{"name":"wp","href":"https:\/\/api.w.org\/{rel}","templated":true}]}}